{"id":5289,"date":"2025-09-26T17:11:06","date_gmt":"2025-09-26T14:11:06","guid":{"rendered":"https:\/\/bursabeyazesyaservis.com\/?page_id=5289"},"modified":"2025-09-27T11:16:14","modified_gmt":"2025-09-27T08:16:14","slug":"bursa-bulasik-makinesi-teknik-servis","status":"publish","type":"page","link":"https:\/\/bursabeyazesyaservis.com\/index.php\/bursa-bulasik-makinesi-teknik-servis\/","title":{"rendered":"Bursa Bula\u015f\u0131k Makinesi Teknik Servis"},"content":{"rendered":"\t\t<div data-elementor-type=\"wp-page\" data-elementor-id=\"5289\" class=\"elementor elementor-5289\">\n\t\t\t\t<div class=\"elementor-element elementor-element-8fb4f5e e-flex e-con-boxed e-con e-parent\" data-id=\"8fb4f5e\" data-element_type=\"container\">\n\t\t\t\t\t<div class=\"e-con-inner\">\n\t\t\t\t<div class=\"elementor-element elementor-element-b210b35 elementor-widget elementor-widget-spacer\" data-id=\"b210b35\" data-element_type=\"widget\" data-widget_type=\"spacer.default\">\n\t\t\t\t\t\t\t<div class=\"elementor-spacer\">\n\t\t\t<div class=\"elementor-spacer-inner\"><\/div>\n\t\t<\/div>\n\t\t\t\t\t\t<\/div>\n\t\t\t\t\t<\/div>\n\t\t\t\t<\/div>\n\t\t<div class=\"elementor-element elementor-element-6911ff8 e-flex e-con-boxed e-con e-parent\" data-id=\"6911ff8\" data-element_type=\"container\">\n\t\t\t\t\t<div class=\"e-con-inner\">\n\t\t\t\t<div class=\"elementor-element elementor-element-a706bdf elementor-widget elementor-widget-image\" data-id=\"a706bdf\" data-element_type=\"widget\" data-widget_type=\"image.default\">\n\t\t\t\t\t\t\t\t\t\t\t\t\t\t\t<img fetchpriority=\"high\" decoding=\"async\" width=\"1200\" height=\"400\" src=\"https:\/\/bursabeyazesyaservis.com\/wp-content\/uploads\/2025\/09\/bursa-bulasik-makinesi-tamir-servis.png\" class=\"attachment-full size-full wp-image-5341\" alt=\"\" srcset=\"https:\/\/bursabeyazesyaservis.com\/wp-content\/uploads\/2025\/09\/bursa-bulasik-makinesi-tamir-servis.png 1200w, https:\/\/bursabeyazesyaservis.com\/wp-content\/uploads\/2025\/09\/bursa-bulasik-makinesi-tamir-servis-300x100.png 300w, https:\/\/bursabeyazesyaservis.com\/wp-content\/uploads\/2025\/09\/bursa-bulasik-makinesi-tamir-servis-1024x341.png 1024w, https:\/\/bursabeyazesyaservis.com\/wp-content\/uploads\/2025\/09\/bursa-bulasik-makinesi-tamir-servis-768x256.png 768w, https:\/\/bursabeyazesyaservis.com\/wp-content\/uploads\/2025\/09\/bursa-bulasik-makinesi-tamir-servis-720x240.png 720w\" sizes=\"(max-width: 1200px) 100vw, 1200px\" \/>\t\t\t\t\t\t\t\t\t\t\t\t\t\t\t<\/div>\n\t\t\t\t\t<\/div>\n\t\t\t\t<\/div>\n\t\t\t\t<section class=\"elementor-section elementor-top-section elementor-element elementor-element-3ab349e7 ot-traditional elementor-section-boxed elementor-section-height-default elementor-section-height-default\" data-id=\"3ab349e7\" data-element_type=\"section\">\n\t\t\t\t\t\t<div class=\"elementor-container elementor-column-gap-default\">\n\t\t\t\t\t<div class=\"elementor-column elementor-col-100 elementor-top-column elementor-element elementor-element-3846ff08 ot-flex-column-vertical\" data-id=\"3846ff08\" data-element_type=\"column\">\n\t\t\t<div class=\"elementor-widget-wrap elementor-element-populated\">\n\t\t\t\t\t\t<div class=\"elementor-element elementor-element-30728ca5 elementor-widget elementor-widget-text-editor\" data-id=\"30728ca5\" data-element_type=\"widget\" data-widget_type=\"text-editor.default\">\n\t\t\t\t\t\t\t\t\t<p data-start=\"231\" data-end=\"504\">Bursa genelinde <strong data-start=\"247\" data-end=\"281\">bula\u015f\u0131k makinesi teknik servis<\/strong> hizmeti veren uzman ekibimiz, t\u00fcm marka ve modellerde g\u00fcvenilir, h\u0131zl\u0131 ve kal\u0131c\u0131 \u00e7\u00f6z\u00fcmler sunmaktad\u0131r. Alan\u0131nda deneyimli teknisyenlerimiz sayesinde cihaz ar\u0131zalar\u0131 k\u0131sa s\u00fcrede tespit edilerek en uygun y\u00f6ntemle onar\u0131l\u0131r.<\/p><h4 data-start=\"506\" data-end=\"541\">Neden Bizi Tercih Etmelisiniz?<\/h4><p data-start=\"542\" data-end=\"1125\">\u2705 <strong data-start=\"544\" data-end=\"564\">Deneyimli Kadro:<\/strong> Uzun y\u0131llard\u0131r Bursa\u2019da profesyonel teknik servis hizmeti veriyoruz.<br data-start=\"633\" data-end=\"636\" \/>\u2705 <strong data-start=\"638\" data-end=\"654\">H\u0131zl\u0131 \u00c7\u00f6z\u00fcm:<\/strong> Ar\u0131za kayd\u0131 b\u0131rakman\u0131z\u0131n ard\u0131ndan en k\u0131sa s\u00fcrede adresinize geliyoruz.<br data-start=\"725\" data-end=\"728\" \/>\u2705 <strong data-start=\"730\" data-end=\"756\">T\u00fcm Marka ve Modeller:<\/strong> Bosch, Ar\u00e7elik, Beko, Siemens, Vestel, Samsung, LG, Profilo ve di\u011fer t\u00fcm markalar\u0131n bula\u015f\u0131k makineleri i\u00e7in tamir ve bak\u0131m deste\u011fi sa\u011fl\u0131yoruz.<br data-start=\"899\" data-end=\"902\" \/>\u2705 <strong data-start=\"904\" data-end=\"930\">Uygun Fiyat &amp; Garanti:<\/strong> Yapt\u0131\u011f\u0131m\u0131z t\u00fcm i\u015flemler garanti kapsam\u0131ndad\u0131r. Par\u00e7a de\u011fi\u015fimlerinde yaln\u0131zca orijinal yedek par\u00e7a kullan\u0131yoruz.<br data-start=\"1042\" data-end=\"1045\" \/>\u2705 <strong data-start=\"1047\" data-end=\"1063\">7\/24 Destek:<\/strong> Acil durumlarda da teknik servis ekibimize ula\u015fabilirsiniz.<\/p><h4 data-start=\"1127\" data-end=\"1163\">Bursa\u2019n\u0131n T\u00fcm \u0130l\u00e7elerine Hizmet<\/h4><p data-start=\"1164\" data-end=\"1230\">Bursa merkez ve t\u00fcm il\u00e7elerine yerinde servis hizmeti sunuyoruz:<\/p><ul data-start=\"1231\" data-end=\"1449\"><li data-start=\"1231\" data-end=\"1242\"><p data-start=\"1233\" data-end=\"1242\">Nil\u00fcfer<\/p><\/li><li data-start=\"1243\" data-end=\"1256\"><p data-start=\"1245\" data-end=\"1256\">Osmangazi<\/p><\/li><li data-start=\"1257\" data-end=\"1269\"><p data-start=\"1259\" data-end=\"1269\">Y\u0131ld\u0131r\u0131m<\/p><\/li><li data-start=\"1270\" data-end=\"1279\"><p data-start=\"1272\" data-end=\"1279\">G\u00fcrsu<\/p><\/li><li data-start=\"1280\" data-end=\"1290\"><p data-start=\"1282\" data-end=\"1290\">Kestel<\/p><\/li><li data-start=\"1291\" data-end=\"1302\"><p data-start=\"1293\" data-end=\"1302\">Mudanya<\/p><\/li><li data-start=\"1303\" data-end=\"1313\"><p data-start=\"1305\" data-end=\"1313\">Gemlik<\/p><\/li><li data-start=\"1314\" data-end=\"1327\"><p data-start=\"1316\" data-end=\"1327\">Karacabey<\/p><\/li><li data-start=\"1328\" data-end=\"1348\"><p data-start=\"1330\" data-end=\"1348\">Mustafakemalpa\u015fa<\/p><\/li><li data-start=\"1349\" data-end=\"1359\"><p data-start=\"1351\" data-end=\"1359\">\u0130neg\u00f6l<\/p><\/li><li data-start=\"1360\" data-end=\"1373\"><p data-start=\"1362\" data-end=\"1373\">Orhangazi<\/p><\/li><li data-start=\"1374\" data-end=\"1387\"><p data-start=\"1376\" data-end=\"1387\">Yeni\u015fehir<\/p><\/li><li data-start=\"1388\" data-end=\"1397\"><p data-start=\"1390\" data-end=\"1397\">\u0130znik<\/p><\/li><li data-start=\"1398\" data-end=\"1410\"><p data-start=\"1400\" data-end=\"1410\">Orhaneli<\/p><\/li><li data-start=\"1411\" data-end=\"1425\"><p data-start=\"1413\" data-end=\"1425\">B\u00fcy\u00fckorhan<\/p><\/li><li data-start=\"1426\" data-end=\"1439\"><p data-start=\"1428\" data-end=\"1439\">Harmanc\u0131k<\/p><\/li><li data-start=\"1440\" data-end=\"1449\"><p data-start=\"1442\" data-end=\"1449\">Keles<\/p><\/li><\/ul><p data-start=\"1451\" data-end=\"1574\">Nerede olursan\u0131z olun, <strong data-start=\"1474\" data-end=\"1508\">Bursa bula\u015f\u0131k makinesi servisi<\/strong> ekibimiz adresinize gelerek h\u0131zl\u0131 ve garantili \u00e7\u00f6z\u00fcmler \u00fcretir.<\/p><h4 data-start=\"1576\" data-end=\"1594\">Hizmetlerimiz<\/h4><ul data-start=\"1595\" data-end=\"1848\"><li data-start=\"1595\" data-end=\"1629\"><p data-start=\"1597\" data-end=\"1629\">Bula\u015f\u0131k makinesi ar\u0131za tespiti<\/p><\/li><li data-start=\"1630\" data-end=\"1656\"><p data-start=\"1632\" data-end=\"1656\">Elektronik kart tamiri<\/p><\/li><li data-start=\"1657\" data-end=\"1696\"><p data-start=\"1659\" data-end=\"1696\">Su almama \u2013 su bo\u015faltmama sorunlar\u0131<\/p><\/li><li data-start=\"1697\" data-end=\"1743\"><p data-start=\"1699\" data-end=\"1743\">Bula\u015f\u0131klar\u0131n temiz y\u0131kanmamas\u0131 problemleri<\/p><\/li><li data-start=\"1744\" data-end=\"1772\"><p data-start=\"1746\" data-end=\"1772\">Motor ve pompa ar\u0131zalar\u0131<\/p><\/li><li data-start=\"1773\" data-end=\"1806\"><p data-start=\"1775\" data-end=\"1806\">Rezistans ve \u0131s\u0131t\u0131c\u0131 de\u011fi\u015fimi<\/p><\/li><li data-start=\"1807\" data-end=\"1848\"><p data-start=\"1809\" data-end=\"1848\">D\u00fczenli bak\u0131m ve yedek par\u00e7a de\u011fi\u015fimi<\/p><\/li><\/ul>\t\t\t\t\t\t\t\t<\/div>\n\t\t\t\t\t<\/div>\n\t\t<\/div>\n\t\t\t\t\t<\/div>\n\t\t<\/section>\n\t\t\t\t<\/div>\n\t\t","protected":false},"excerpt":{"rendered":"<p>Bursa genelinde bula\u015f\u0131k makinesi teknik servis hizmeti veren uzman ekibimiz, t\u00fcm marka ve modellerde g\u00fcvenilir, h\u0131zl\u0131 ve kal\u0131c\u0131 \u00e7\u00f6z\u00fcmler sunmaktad\u0131r. Alan\u0131nda deneyimli teknisyenlerimiz sayesinde cihaz ar\u0131zalar\u0131 k\u0131sa s\u00fcrede tespit edilerek en uygun y\u00f6ntemle onar\u0131l\u0131r. Neden Bizi Tercih Etmelisiniz? \u2705 Deneyimli Kadro: Uzun y\u0131llard\u0131r Bursa\u2019da profesyonel teknik servis hizmeti veriyoruz.\u2705 H\u0131zl\u0131 \u00c7\u00f6z\u00fcm: Ar\u0131za kayd\u0131 b\u0131rakman\u0131z\u0131n ard\u0131ndan [&hellip;]<\/p>\n","protected":false},"author":1,"featured_media":0,"parent":0,"menu_order":0,"comment_status":"closed","ping_status":"closed","template":"","meta":{"footnotes":""},"class_list":["post-5289","page","type-page","status-publish","hentry"],"_links":{"self":[{"href":"https:\/\/bursabeyazesyaservis.com\/index.php\/wp-json\/wp\/v2\/pages\/5289","targetHints":{"allow":["GET"]}}],"collection":[{"href":"https:\/\/bursabeyazesyaservis.com\/index.php\/wp-json\/wp\/v2\/pages"}],"about":[{"href":"https:\/\/bursabeyazesyaservis.com\/index.php\/wp-json\/wp\/v2\/types\/page"}],"author":[{"embeddable":true,"href":"https:\/\/bursabeyazesyaservis.com\/index.php\/wp-json\/wp\/v2\/users\/1"}],"replies":[{"embeddable":true,"href":"https:\/\/bursabeyazesyaservis.com\/index.php\/wp-json\/wp\/v2\/comments?post=5289"}],"version-history":[{"count":19,"href":"https:\/\/bursabeyazesyaservis.com\/index.php\/wp-json\/wp\/v2\/pages\/5289\/revisions"}],"predecessor-version":[{"id":5398,"href":"https:\/\/bursabeyazesyaservis.com\/index.php\/wp-json\/wp\/v2\/pages\/5289\/revisions\/5398"}],"wp:attachment":[{"href":"https:\/\/bursabeyazesyaservis.com\/index.php\/wp-json\/wp\/v2\/media?parent=5289"}],"curies":[{"name":"wp","href":"https:\/\/api.w.org\/{rel}","templated":true}]}}