{"id":5290,"date":"2025-09-26T17:10:43","date_gmt":"2025-09-26T14:10:43","guid":{"rendered":"https:\/\/bursabeyazesyaservis.com\/?page_id=5290"},"modified":"2025-09-27T11:14:27","modified_gmt":"2025-09-27T08:14:27","slug":"bursa-camasir-makinesi-teknik-servis","status":"publish","type":"page","link":"https:\/\/bursabeyazesyaservis.com\/index.php\/bursa-camasir-makinesi-teknik-servis\/","title":{"rendered":"Bursa \u00c7ama\u015f\u0131r Makinesi Teknik Servis"},"content":{"rendered":"\t\t<div data-elementor-type=\"wp-page\" data-elementor-id=\"5290\" class=\"elementor elementor-5290\">\n\t\t\t\t<div class=\"elementor-element elementor-element-4a9d65e e-flex e-con-boxed e-con e-parent\" data-id=\"4a9d65e\" data-element_type=\"container\">\n\t\t\t\t\t<div class=\"e-con-inner\">\n\t\t\t\t<div class=\"elementor-element elementor-element-d1ca17e elementor-widget elementor-widget-spacer\" data-id=\"d1ca17e\" data-element_type=\"widget\" data-widget_type=\"spacer.default\">\n\t\t\t\t\t\t\t<div class=\"elementor-spacer\">\n\t\t\t<div class=\"elementor-spacer-inner\"><\/div>\n\t\t<\/div>\n\t\t\t\t\t\t<\/div>\n\t\t\t\t\t<\/div>\n\t\t\t\t<\/div>\n\t\t<div class=\"elementor-element elementor-element-ff11a40 e-flex e-con-boxed e-con e-parent\" data-id=\"ff11a40\" data-element_type=\"container\">\n\t\t\t\t\t<div class=\"e-con-inner\">\n\t\t\t\t<div class=\"elementor-element elementor-element-627ffd0 elementor-widget elementor-widget-image\" data-id=\"627ffd0\" data-element_type=\"widget\" data-widget_type=\"image.default\">\n\t\t\t\t\t\t\t\t\t\t\t\t\t\t\t<img fetchpriority=\"high\" decoding=\"async\" width=\"1200\" height=\"400\" src=\"https:\/\/bursabeyazesyaservis.com\/wp-content\/uploads\/2025\/09\/bursa-camasir-makinesi-servis-tamir.png\" class=\"attachment-full size-full wp-image-5328\" alt=\"\" srcset=\"https:\/\/bursabeyazesyaservis.com\/wp-content\/uploads\/2025\/09\/bursa-camasir-makinesi-servis-tamir.png 1200w, https:\/\/bursabeyazesyaservis.com\/wp-content\/uploads\/2025\/09\/bursa-camasir-makinesi-servis-tamir-300x100.png 300w, https:\/\/bursabeyazesyaservis.com\/wp-content\/uploads\/2025\/09\/bursa-camasir-makinesi-servis-tamir-1024x341.png 1024w, https:\/\/bursabeyazesyaservis.com\/wp-content\/uploads\/2025\/09\/bursa-camasir-makinesi-servis-tamir-768x256.png 768w, https:\/\/bursabeyazesyaservis.com\/wp-content\/uploads\/2025\/09\/bursa-camasir-makinesi-servis-tamir-720x240.png 720w\" sizes=\"(max-width: 1200px) 100vw, 1200px\" \/>\t\t\t\t\t\t\t\t\t\t\t\t\t\t\t<\/div>\n\t\t\t\t\t<\/div>\n\t\t\t\t<\/div>\n\t\t\t\t<section class=\"elementor-section elementor-top-section elementor-element elementor-element-3ab349e7 ot-traditional elementor-section-boxed elementor-section-height-default elementor-section-height-default\" data-id=\"3ab349e7\" data-element_type=\"section\">\n\t\t\t\t\t\t<div class=\"elementor-container elementor-column-gap-default\">\n\t\t\t\t\t<div class=\"elementor-column elementor-col-100 elementor-top-column elementor-element elementor-element-3846ff08 ot-flex-column-vertical\" data-id=\"3846ff08\" data-element_type=\"column\">\n\t\t\t<div class=\"elementor-widget-wrap elementor-element-populated\">\n\t\t\t\t\t\t<div class=\"elementor-element elementor-element-30728ca5 elementor-widget elementor-widget-text-editor\" data-id=\"30728ca5\" data-element_type=\"widget\" data-widget_type=\"text-editor.default\">\n\t\t\t\t\t\t\t\t\t<p data-start=\"167\" data-end=\"637\">Bursa \u00e7ama\u015f\u0131r makinesi teknik servisi olarak, t\u00fcm marka ve modeller i\u00e7in g\u00fcvenilir bak\u0131m ve onar\u0131m hizmeti sunuyoruz. Deneyimli ekibimiz, ar\u0131zalar\u0131 yerinde tespit ederek m\u00fcmk\u00fcn oldu\u011funda adresinizde \u00e7\u00f6z\u00fcme kavu\u015fturur, gerekli durumlarda ise cihaz\u0131n\u0131z\u0131 servis merkezimize alarak detayl\u0131 onar\u0131m\u0131n\u0131 ger\u00e7ekle\u015ftirir. Bursa\u2019n\u0131n <strong data-start=\"489\" data-end=\"572\">Osmangazi, Nil\u00fcfer, Y\u0131ld\u0131r\u0131m, G\u00fcrsu, Kestel, Mudanya, Gemlik, Karacabey, \u0130neg\u00f6l<\/strong> ba\u015fta olmak \u00fczere t\u00fcm il\u00e7elerine servis hizmeti sa\u011flamaktay\u0131z.<\/p><p data-start=\"639\" data-end=\"667\"><strong data-start=\"639\" data-end=\"665\">Hizmet Avantajlar\u0131m\u0131z:<\/strong><\/p><ul data-start=\"668\" data-end=\"840\"><li data-start=\"668\" data-end=\"700\"><p data-start=\"670\" data-end=\"700\">Uzun y\u0131llara dayanan tecr\u00fcbe<\/p><\/li><li data-start=\"701\" data-end=\"734\"><p data-start=\"703\" data-end=\"734\">G\u00fc\u00e7l\u00fc ve uzman servis kadrosu<\/p><\/li><li data-start=\"735\" data-end=\"766\"><p data-start=\"737\" data-end=\"766\">H\u0131zl\u0131 ve garantili \u00e7\u00f6z\u00fcmler<\/p><\/li><li data-start=\"767\" data-end=\"801\"><p data-start=\"769\" data-end=\"801\">Uygun fiyat, y\u00fcksek memnuniyet<\/p><\/li><li data-start=\"802\" data-end=\"840\"><p data-start=\"804\" data-end=\"840\">Bursa\u2019n\u0131n her yerine ula\u015f\u0131m imk\u00e2n\u0131<\/p><\/li><\/ul><p data-start=\"842\" data-end=\"1096\">\u00c7ama\u015f\u0131r makineniz su alm\u0131yor, s\u0131kma yapm\u0131yor, g\u00fcr\u00fclt\u00fcl\u00fc \u00e7al\u0131\u015f\u0131yor ya da hi\u00e7 a\u00e7\u0131lm\u0131yor olabilir. Kar\u015f\u0131la\u015ft\u0131\u011f\u0131n\u0131z her sorunda, Bursa \u00e7ama\u015f\u0131r makinesi servisi olarak yan\u0131n\u0131zda yer al\u0131yor ve cihaz\u0131n\u0131z\u0131 k\u0131sa s\u00fcrede ilk g\u00fcnk\u00fc performans\u0131na geri d\u00f6nd\u00fcr\u00fcyoruz.<\/p>\t\t\t\t\t\t\t\t<\/div>\n\t\t\t\t\t<\/div>\n\t\t<\/div>\n\t\t\t\t\t<\/div>\n\t\t<\/section>\n\t\t\t\t<\/div>\n\t\t","protected":false},"excerpt":{"rendered":"<p>Bursa \u00e7ama\u015f\u0131r makinesi teknik servisi olarak, t\u00fcm marka ve modeller i\u00e7in g\u00fcvenilir bak\u0131m ve onar\u0131m hizmeti sunuyoruz. Deneyimli ekibimiz, ar\u0131zalar\u0131 yerinde tespit ederek m\u00fcmk\u00fcn oldu\u011funda adresinizde \u00e7\u00f6z\u00fcme kavu\u015fturur, gerekli durumlarda ise cihaz\u0131n\u0131z\u0131 servis merkezimize alarak detayl\u0131 onar\u0131m\u0131n\u0131 ger\u00e7ekle\u015ftirir. Bursa\u2019n\u0131n Osmangazi, Nil\u00fcfer, Y\u0131ld\u0131r\u0131m, G\u00fcrsu, Kestel, Mudanya, Gemlik, Karacabey, \u0130neg\u00f6l ba\u015fta olmak \u00fczere t\u00fcm il\u00e7elerine servis hizmeti [&hellip;]<\/p>\n","protected":false},"author":1,"featured_media":0,"parent":0,"menu_order":0,"comment_status":"closed","ping_status":"closed","template":"","meta":{"footnotes":""},"class_list":["post-5290","page","type-page","status-publish","hentry"],"_links":{"self":[{"href":"https:\/\/bursabeyazesyaservis.com\/index.php\/wp-json\/wp\/v2\/pages\/5290","targetHints":{"allow":["GET"]}}],"collection":[{"href":"https:\/\/bursabeyazesyaservis.com\/index.php\/wp-json\/wp\/v2\/pages"}],"about":[{"href":"https:\/\/bursabeyazesyaservis.com\/index.php\/wp-json\/wp\/v2\/types\/page"}],"author":[{"embeddable":true,"href":"https:\/\/bursabeyazesyaservis.com\/index.php\/wp-json\/wp\/v2\/users\/1"}],"replies":[{"embeddable":true,"href":"https:\/\/bursabeyazesyaservis.com\/index.php\/wp-json\/wp\/v2\/comments?post=5290"}],"version-history":[{"count":31,"href":"https:\/\/bursabeyazesyaservis.com\/index.php\/wp-json\/wp\/v2\/pages\/5290\/revisions"}],"predecessor-version":[{"id":5386,"href":"https:\/\/bursabeyazesyaservis.com\/index.php\/wp-json\/wp\/v2\/pages\/5290\/revisions\/5386"}],"wp:attachment":[{"href":"https:\/\/bursabeyazesyaservis.com\/index.php\/wp-json\/wp\/v2\/media?parent=5290"}],"curies":[{"name":"wp","href":"https:\/\/api.w.org\/{rel}","templated":true}]}}